{"id":1264,"date":"2019-07-31T09:12:17","date_gmt":"2019-07-31T09:12:17","guid":{"rendered":"http:\/\/codesupply.co\/?page_id=919"},"modified":"2019-07-31T09:12:17","modified_gmt":"2019-07-31T09:12:17","slug":"subscription-forms","status":"publish","type":"page","link":"https:\/\/wordmaniangirl.ro\/content-blocks\/subscription-forms\/","title":{"rendered":"Subscription Forms"},"content":{"rendered":"\n<div class=\"cnvs-block-alert cnvs-block-alert-1564564660843 is-style-cnvs-block-alert-warning\" >\n\t<div class=\"cnvs-block-alert-inner\">\n\t\t\n\n<h6 id=\"please-note\" class=\"wp-block-heading\">Please Note<\/h6>\n\n\n\n<p>You need to install and activate <a href=\"https:\/\/wordpress.org\/plugins\/powerkit\/\">Powerkit<\/a> and <a href=\"https:\/\/wordpress.org\/plugins\/canvas\/\">Canvas<\/a> to make this feature work.<\/p>\n\n\t<\/div>\n\t<\/div>\n\n\n\n<h2 id=\"simple\" class=\"is-style-default wp-block-heading\">Simple<\/h2>\n\n\n<div class=\"cnvs-block-opt-in-form cnvs-block-opt-in-form-1565761333892\" >\t\t\t\t<div class=\"pk-subscribe-form-wrap pk-subscribe-form-block\" data-service=\"mailchimp\">\n\t\t\t\t\t\n\t\t\t\t\t<div class=\"pk-subscribe-container \">\n\t\t\t\t\t\t<div class=\"pk-subscribe-data\">\n\t\t\t\t\t\t\t\n\t\t\t\t\t\t\t\n\t\t\t\t\t\t\t<form method=\"post\" class=\"subscription\">\n\t\t\t\t\t\t\t\t<input type=\"hidden\" name=\"service\" value=\"mailchimp\">\n\t\t\t\t\t\t\t\t<input type=\"hidden\" name=\"list_id\" value=\"8f55e33532\">\n\n\t\t\t\t\t\t\t\t<div class=\"pk-input-group\">\n\t\t\t\t\t\t\t\t\t\n\t\t\t\t\t\t\t\t\t<input type=\"text\" name=\"EMAIL\" class=\"email form-control\" placeholder=\"Enter your email\">\n\n\t\t\t\t\t\t\t\t\t<button class=\"pk-subscribe-submit\" type=\"submit\"><span>Subscribe<\/span><span><i class=\"cs-icon cs-icon-mail\"><\/i><\/span><\/button>\n\t\t\t\t\t\t\t\t<\/div>\n\n\t\t\t\t\t\t\t\t<input type=\"hidden\" name=\"_wp_http_referer\" value=\"\/?rest_route=%2Fwp%2Fv2%2Fpages%2F1264\" \/>\t\t\t\t\t\t\t<\/form>\n\n\t\t\t\t\t\t\t\t\t\t\t\t\t\t\t<div class=\"pk-privacy pk-color-secondary\">\n\t\t\t\t\t\t\t\t\t<label><input name=\"pk-privacy\" type=\"checkbox\">Bif\u00e2nd aceast\u0103 caset\u0103, confirma\u021bi c\u0103 a\u021bi citit \u0219i sunte\u021bi de acord cu termenii de utilizare privind stocarea datelor transmise prin acest formular.<\/label>\n\t\t\t\t\t\t\t\t<\/div>\n\t\t\t\t\t\t\t\t\t\t\t\t\t<\/div>\n\t\t\t\t\t<\/div>\n\t\t\t\t<\/div>\n\t\t\t\t<\/div>\n\n\n<h2 id=\"with-first-name\" class=\"is-style-default wp-block-heading\">With First Name<\/h2>\n\n\n\n<div class=\"wp-block-group is-style-cnvs-block-bg-light\"><div class=\"wp-block-group__inner-container is-layout-flow wp-block-group-is-layout-flow\">\n<p class=\"has-text-color has-medium-font-size has-secondary-color\">Get notified of the best deals on our WordPress themes. <\/p>\n\n\n<div class=\"cnvs-block-opt-in-form cnvs-block-opt-in-form-1564564403953\" >\t\t\t\t<div class=\"pk-subscribe-form-wrap pk-subscribe-form-block pk-subscribe-with-name\" data-service=\"mailchimp\">\n\t\t\t\t\t\n\t\t\t\t\t<div class=\"pk-subscribe-container \">\n\t\t\t\t\t\t<div class=\"pk-subscribe-data\">\n\t\t\t\t\t\t\t\n\t\t\t\t\t\t\t\n\t\t\t\t\t\t\t<form method=\"post\" class=\"subscription\">\n\t\t\t\t\t\t\t\t<input type=\"hidden\" name=\"service\" value=\"mailchimp\">\n\t\t\t\t\t\t\t\t<input type=\"hidden\" name=\"list_id\" value=\"8f55e33532\">\n\n\t\t\t\t\t\t\t\t<div class=\"pk-input-group\">\n\t\t\t\t\t\t\t\t\t\t\t\t\t\t\t\t\t\t\t<input type=\"text\" name=\"USER\" class=\"user form-control\" placeholder=\"Enter your name\">\n\t\t\t\t\t\t\t\t\t\n\t\t\t\t\t\t\t\t\t<input type=\"text\" name=\"EMAIL\" class=\"email form-control\" placeholder=\"Enter your email\">\n\n\t\t\t\t\t\t\t\t\t<button class=\"pk-subscribe-submit\" type=\"submit\"><span>Subscribe<\/span><span><i class=\"cs-icon cs-icon-mail\"><\/i><\/span><\/button>\n\t\t\t\t\t\t\t\t<\/div>\n\n\t\t\t\t\t\t\t\t<input type=\"hidden\" name=\"_wp_http_referer\" value=\"\/?rest_route=%2Fwp%2Fv2%2Fpages%2F1264\" \/>\t\t\t\t\t\t\t<\/form>\n\n\t\t\t\t\t\t\t\t\t\t\t\t\t\t\t<div class=\"pk-privacy pk-color-secondary\">\n\t\t\t\t\t\t\t\t\t<label><input name=\"pk-privacy\" type=\"checkbox\">Bif\u00e2nd aceast\u0103 caset\u0103, confirma\u021bi c\u0103 a\u021bi citit \u0219i sunte\u021bi de acord cu termenii de utilizare privind stocarea datelor transmise prin acest formular.<\/label>\n\t\t\t\t\t\t\t\t<\/div>\n\t\t\t\t\t\t\t\t\t\t\t\t\t<\/div>\n\t\t\t\t\t<\/div>\n\t\t\t\t<\/div>\n\t\t\t\t<\/div><\/div><\/div>\n\n\n\n<h2 id=\"with-background-image\" class=\"is-style-default wp-block-heading\">With Background Image<\/h2>\n\n\n\n<div class=\"wp-block-cover has-background-dim\" style=\"background-image:url(https:\/\/cloud.codesupply.co\/demo-content\/demo-image-00001.jpg)\"><div class=\"wp-block-cover__inner-container is-layout-flow wp-block-cover-is-layout-flow\">\n<p class=\"has-text-color has-medium-font-size has-very-light-gray-color\">\n\nGet notified of the best deals on our WordPress themes.\n\n<\/p>\n\n\n<div class=\"cnvs-block-opt-in-form cnvs-block-opt-in-form-1565761381941\" >\t\t\t\t<div class=\"pk-subscribe-form-wrap pk-subscribe-form-block\" data-service=\"mailchimp\">\n\t\t\t\t\t\n\t\t\t\t\t<div class=\"pk-subscribe-container \">\n\t\t\t\t\t\t<div class=\"pk-subscribe-data\">\n\t\t\t\t\t\t\t\n\t\t\t\t\t\t\t\n\t\t\t\t\t\t\t<form method=\"post\" class=\"subscription\">\n\t\t\t\t\t\t\t\t<input type=\"hidden\" name=\"service\" value=\"mailchimp\">\n\t\t\t\t\t\t\t\t<input type=\"hidden\" name=\"list_id\" value=\"8f55e33532\">\n\n\t\t\t\t\t\t\t\t<div class=\"pk-input-group\">\n\t\t\t\t\t\t\t\t\t\n\t\t\t\t\t\t\t\t\t<input type=\"text\" name=\"EMAIL\" class=\"email form-control\" placeholder=\"Enter your email\">\n\n\t\t\t\t\t\t\t\t\t<button class=\"pk-subscribe-submit\" type=\"submit\"><span>Subscribe<\/span><span><i class=\"cs-icon cs-icon-mail\"><\/i><\/span><\/button>\n\t\t\t\t\t\t\t\t<\/div>\n\n\t\t\t\t\t\t\t\t<input type=\"hidden\" name=\"_wp_http_referer\" value=\"\/?rest_route=%2Fwp%2Fv2%2Fpages%2F1264\" \/>\t\t\t\t\t\t\t<\/form>\n\n\t\t\t\t\t\t\t\t\t\t\t\t\t\t\t<div class=\"pk-privacy pk-color-secondary\">\n\t\t\t\t\t\t\t\t\t<label><input name=\"pk-privacy\" type=\"checkbox\">Bif\u00e2nd aceast\u0103 caset\u0103, confirma\u021bi c\u0103 a\u021bi citit \u0219i sunte\u021bi de acord cu termenii de utilizare privind stocarea datelor transmise prin acest formular.<\/label>\n\t\t\t\t\t\t\t\t<\/div>\n\t\t\t\t\t\t\t\t\t\t\t\t\t<\/div>\n\t\t\t\t\t<\/div>\n\t\t\t\t<\/div>\n\t\t\t\t<\/div><\/div><\/div>\n\n\n\n<div class=\"wp-block-cover has-background-dim\" style=\"background-image:url(https:\/\/cloud.codesupply.co\/demo-content\/demo-image-00001.jpg)\"><div class=\"wp-block-cover__inner-container is-layout-flow wp-block-cover-is-layout-flow\">\n<p class=\"has-text-color has-medium-font-size has-very-light-gray-color\">\n\nGet notified of the best deals on our WordPress themes.\n\n<\/p>\n\n\n<div class=\"cnvs-block-opt-in-form cnvs-block-opt-in-form-1565761477845\" >\t\t\t\t<div class=\"pk-subscribe-form-wrap pk-subscribe-form-block pk-subscribe-with-name\" data-service=\"mailchimp\">\n\t\t\t\t\t\n\t\t\t\t\t<div class=\"pk-subscribe-container \">\n\t\t\t\t\t\t<div class=\"pk-subscribe-data\">\n\t\t\t\t\t\t\t\n\t\t\t\t\t\t\t\n\t\t\t\t\t\t\t<form method=\"post\" class=\"subscription\">\n\t\t\t\t\t\t\t\t<input type=\"hidden\" name=\"service\" value=\"mailchimp\">\n\t\t\t\t\t\t\t\t<input type=\"hidden\" name=\"list_id\" value=\"8f55e33532\">\n\n\t\t\t\t\t\t\t\t<div class=\"pk-input-group\">\n\t\t\t\t\t\t\t\t\t\t\t\t\t\t\t\t\t\t\t<input type=\"text\" name=\"USER\" class=\"user form-control\" placeholder=\"Enter your name\">\n\t\t\t\t\t\t\t\t\t\n\t\t\t\t\t\t\t\t\t<input type=\"text\" name=\"EMAIL\" class=\"email form-control\" placeholder=\"Enter your email\">\n\n\t\t\t\t\t\t\t\t\t<button class=\"pk-subscribe-submit\" type=\"submit\"><span>Subscribe<\/span><span><i class=\"cs-icon cs-icon-mail\"><\/i><\/span><\/button>\n\t\t\t\t\t\t\t\t<\/div>\n\n\t\t\t\t\t\t\t\t<input type=\"hidden\" name=\"_wp_http_referer\" value=\"\/?rest_route=%2Fwp%2Fv2%2Fpages%2F1264\" \/>\t\t\t\t\t\t\t<\/form>\n\n\t\t\t\t\t\t\t\t\t\t\t\t\t\t\t<div class=\"pk-privacy pk-color-secondary\">\n\t\t\t\t\t\t\t\t\t<label><input name=\"pk-privacy\" type=\"checkbox\">Bif\u00e2nd aceast\u0103 caset\u0103, confirma\u021bi c\u0103 a\u021bi citit \u0219i sunte\u021bi de acord cu termenii de utilizare privind stocarea datelor transmise prin acest formular.<\/label>\n\t\t\t\t\t\t\t\t<\/div>\n\t\t\t\t\t\t\t\t\t\t\t\t\t<\/div>\n\t\t\t\t\t<\/div>\n\t\t\t\t<\/div>\n\t\t\t\t<\/div><\/div><\/div>\n","protected":false},"excerpt":{"rendered":"<p>Simple With First Name Get notified of the best deals on our WordPress themes. With Background Image<\/p>\n","protected":false},"author":2,"featured_media":0,"parent":1260,"menu_order":0,"comment_status":"closed","ping_status":"closed","template":"","meta":{"footnotes":""},"_links":{"self":[{"href":"https:\/\/wordmaniangirl.ro\/?rest_route=\/wp\/v2\/pages\/1264"}],"collection":[{"href":"https:\/\/wordmaniangirl.ro\/?rest_route=\/wp\/v2\/pages"}],"about":[{"href":"https:\/\/wordmaniangirl.ro\/?rest_route=\/wp\/v2\/types\/page"}],"author":[{"embeddable":true,"href":"https:\/\/wordmaniangirl.ro\/?rest_route=\/wp\/v2\/users\/2"}],"replies":[{"embeddable":true,"href":"https:\/\/wordmaniangirl.ro\/?rest_route=%2Fwp%2Fv2%2Fcomments&post=1264"}],"version-history":[{"count":0,"href":"https:\/\/wordmaniangirl.ro\/?rest_route=\/wp\/v2\/pages\/1264\/revisions"}],"up":[{"embeddable":true,"href":"https:\/\/wordmaniangirl.ro\/?rest_route=\/wp\/v2\/pages\/1260"}],"wp:attachment":[{"href":"https:\/\/wordmaniangirl.ro\/?rest_route=%2Fwp%2Fv2%2Fmedia&parent=1264"}],"curies":[{"name":"wp","href":"https:\/\/api.w.org\/{rel}","templated":true}]}}