{"id":2563,"date":"2023-02-16T19:54:33","date_gmt":"2023-02-16T17:54:33","guid":{"rendered":"https:\/\/wordmaniangirl.ro\/?page_id=2563"},"modified":"2025-05-20T16:23:03","modified_gmt":"2025-05-20T14:23:03","slug":"despre-mine","status":"publish","type":"page","link":"https:\/\/wordmaniangirl.ro\/despre-mine\/","title":{"rendered":"DESPRE MINE"},"content":{"rendered":"\n<blockquote class=\"wp-block-quote\">\n<p><em>Scriu ce simt. Scriu ce doare. Scriu ce m-a \u021binut \u00een via\u021b\u0103. <\/em><\/p>\n<cite>\u0218i dac\u0103 r\u0103m\u00e2ne ceva din mine dup\u0103 ce tac,<br><strong>sper s\u0103 fie emo\u021bia.<\/strong><\/cite><\/blockquote>\n\n\n\n<figure class=\"wp-block-image size-full\"><img  decoding=\"async\"  loading=\"lazy\"  width=\"1160\"  height=\"580\"  src=\"data:image\/png;base64,iVBORw0KGgoAAAANSUhEUgAABIgAAAJEAQMAAABHGI11AAAAA1BMVEUAAP+KeNJXAAAAAXRSTlMAQObYZgAAAAlwSFlzAAAOxAAADsQBlSsOGwAAAGlJREFUeNrtwTEBAAAAwqD1T20Hb6AAAAAAAAAAAAAAAAAAAAAAAAAAAAAAAAAAAAAAAAAAAAAAAAAAAAAAAAAAAAAAAAAAAAAAAAAAAAAAAAAAAAAAAAAAAAAAAAAAAAAAAAAAAAAAPgNK1wABD8XdBAAAAABJRU5ErkJggg==\"  alt=\"\"  class=\"wp-image-2780 pk-lazyload\"  data-pk-sizes=\"auto\"  data-ls-sizes=\"(max-width: 1160px) 100vw, 1160px\"  data-pk-src=\"https:\/\/wordmaniangirl.ro\/wp-content\/uploads\/2023\/02\/Design-fara-titlu-1160x580-1.jpg\"  data-pk-srcset=\"https:\/\/wordmaniangirl.ro\/wp-content\/uploads\/2023\/02\/Design-fara-titlu-1160x580-1.jpg 1160w, https:\/\/wordmaniangirl.ro\/wp-content\/uploads\/2023\/02\/Design-fara-titlu-1160x580-1-800x400.jpg 800w, https:\/\/wordmaniangirl.ro\/wp-content\/uploads\/2023\/02\/Design-fara-titlu-1160x580-1-120x60.jpg 120w, https:\/\/wordmaniangirl.ro\/wp-content\/uploads\/2023\/02\/Design-fara-titlu-1160x580-1-90x45.jpg 90w, https:\/\/wordmaniangirl.ro\/wp-content\/uploads\/2023\/02\/Design-fara-titlu-1160x580-1-320x160.jpg 320w, https:\/\/wordmaniangirl.ro\/wp-content\/uploads\/2023\/02\/Design-fara-titlu-1160x580-1-560x280.jpg 560w\" ><\/figure>\n\n\n\n<p class=\"is-style-cnvs-paragraph-callout\"><strong>Cine sunt eu?<\/strong><\/p>\n\n\n\n<p><\/p>\n\n\n\n<p>Sunt Daniela \u0219i am \u00eenv\u0103\u021bat c\u0103 e vindec\u0103tor s\u0103 te poveste\u0219ti pe tine, cu tot ce e\u0219ti, nu ca s\u0103 fii validat, ci ca s\u0103 te ascul\u021bi din nou cu voce tare. M\u0103 descop\u0103r tot mai mult cu fiecare zi \u00een care aleg s\u0103-mi fiu aproape, cu fiecare zi \u00een care nu m\u0103 mai \u00eentorc \u00eempotriva mea, ci mai degrab\u0103 aleg s\u0103 m\u0103 accept cu toate ale mele. Sunt femeie, mam\u0103, iubit\u0103, fiic\u0103 \u0219i prieten\u0103, \u0219i m-am ridicat din at\u00e2t de multe forme de c\u0103dere, \u00eenc\u00e2t am \u00eencetat s\u0103 le mai num\u0103r, dar am \u00eenceput, \u00een schimb, s\u0103 le transform \u00een pove\u0219ti.<\/p>\n\n\n\n<p>Tr\u0103iesc cu ADHD \u0219i de multe ori lumea \u00een care m\u0103 mi\u0219c e prea rapid\u0103, prea zgomotoas\u0103, prea haotic\u0103 pentru felul \u00een care simt \u0219i procesez totul, dar tocmai din vulnerabilitatea asta s-a n\u0103scut cea mai clar\u0103 for\u021b\u0103 a mea: capacitatea s\u0103 simt profund, s\u0103 observ nuan\u021bele pe care al\u021bii le ignor\u0103, s\u0103 transform emo\u021bia brut\u0103 \u00een cuvinte a\u0219ezate frumos, curajos \u0219i adev\u0103rat.<\/p>\n\n\n\n<p>Nu mai scriu pentru branduri, clien\u021bi sau campanii, nu mai filtrez ce simt prin lentila a\u0219tept\u0103rilor altora, nu mai \u00eencerc s\u0103 par, ci doar s\u0103 fiu. Scriu pentru mine, pentru spa\u021biul meu interior, pentru lini\u0219tea pe care o g\u0103sesc doar atunci c\u00e2nd g\u00e2ndurile mele devin fraze \u0219i frazele devin adev\u0103r. Scrisul nu este o ocupa\u021bie \u0219i nici o form\u0103 de terapie, ci mai degrab\u0103 un act de supravie\u021buire bl\u00e2nd\u0103, un mod firesc de a m\u0103 a\u0219eza \u00een lume f\u0103r\u0103 s\u0103 m\u0103 pierd \u00een ea.<\/p>\n\n\n\n<p>Scriu rar, ce-i drept, dar scriu mult \u00een capul meu. Tr\u0103iesc \u00een propozi\u021bii lungi, uneori \u00eenc\u00e2lcite, alteori nea\u0219teptat de limpezi, \u0219i chiar dac\u0103 nu le a\u0219tern pe foaie imediat, ele m\u0103 locuiesc \u0219i m\u0103 definesc. Nu scriu ca s\u0103 fiu admirat\u0103, nu scriu ca s\u0103 impresionez, scriu fiindc\u0103 a\u0219a sunt f\u0103cut\u0103, fiindc\u0103 e singurul loc \u00een care pot fi complet eu, a\u0219a imperfect\u0103, lucid\u0103, vulnerabil\u0103 \u0219i \u00eentreag\u0103 cum sunt.<\/p>\n\n\n\n<p>Dac\u0103 ai ajuns p\u00e2n\u0103 aici, e posibil s\u0103 fi sim\u021bit ceva familiar. Felul meu de a fi, povestea mea, adev\u0103rul meu. Nu \u0219tiu. \u0218tiu doar c\u0103 eu nu fug de mine \u0219i nu scriu cu m\u0103nu\u0219i. Ce g\u0103se\u0219ti aici e viu. Ne\u0219lefuit. Adev\u0103rat.<\/p>\n\n\n\n<p>Sunt Daniela. Femeie. Mam\u0103. Scriitoare. \u0218i nu-mi e fric\u0103 s\u0103 fiu toate astea deodat\u0103.<\/p>\n","protected":false},"excerpt":{"rendered":"<p>Scriu ce simt. Scriu ce doare. Scriu ce m-a \u021binut \u00een via\u021b\u0103. \u0218i dac\u0103 r\u0103m\u00e2ne ceva din mine dup\u0103 ce tac,sper s\u0103 fie emo\u021bia. Cine sunt eu? Sunt Daniela \u0219i&hellip;<\/p>\n","protected":false},"author":1,"featured_media":2777,"parent":0,"menu_order":0,"comment_status":"closed","ping_status":"closed","template":"","meta":{"footnotes":""},"_links":{"self":[{"href":"https:\/\/wordmaniangirl.ro\/?rest_route=\/wp\/v2\/pages\/2563"}],"collection":[{"href":"https:\/\/wordmaniangirl.ro\/?rest_route=\/wp\/v2\/pages"}],"about":[{"href":"https:\/\/wordmaniangirl.ro\/?rest_route=\/wp\/v2\/types\/page"}],"author":[{"embeddable":true,"href":"https:\/\/wordmaniangirl.ro\/?rest_route=\/wp\/v2\/users\/1"}],"replies":[{"embeddable":true,"href":"https:\/\/wordmaniangirl.ro\/?rest_route=%2Fwp%2Fv2%2Fcomments&post=2563"}],"version-history":[{"count":15,"href":"https:\/\/wordmaniangirl.ro\/?rest_route=\/wp\/v2\/pages\/2563\/revisions"}],"predecessor-version":[{"id":3045,"href":"https:\/\/wordmaniangirl.ro\/?rest_route=\/wp\/v2\/pages\/2563\/revisions\/3045"}],"wp:featuredmedia":[{"embeddable":true,"href":"https:\/\/wordmaniangirl.ro\/?rest_route=\/wp\/v2\/media\/2777"}],"wp:attachment":[{"href":"https:\/\/wordmaniangirl.ro\/?rest_route=%2Fwp%2Fv2%2Fmedia&parent=2563"}],"curies":[{"name":"wp","href":"https:\/\/api.w.org\/{rel}","templated":true}]}}